{"id":776,"date":"2022-02-25T12:15:46","date_gmt":"2022-02-25T11:15:46","guid":{"rendered":"http:\/\/demos.artbees.net\/jupiter5\/transportation\/?page_id=6"},"modified":"2022-03-21T15:22:20","modified_gmt":"2022-03-21T14:22:20","slug":"home","status":"publish","type":"page","link":"https:\/\/wypadeksamochodowywaustrii.pl\/index.php\/home\/","title":{"rendered":"Home"},"content":{"rendered":"<p>PELNE OSZKODOWANIE ZA WYAPDEK SAMOCHODOWY W AUSTRII<span style=\"font-size: 13px; color: #939393;\">Likwidacja szkody komunikacyjnej w przypadku wypadku samochodowego na terenie Austrii jest inne jak np. w Polsce i jest po\u0142\u0105czeniem okre\u015blonych zasad oraz austryjeckimi przespisami prawnymi jaki nale\u017cy\u2026.<\/span>Czytaj dalejWYPADEK DROGOWY W AUSTRII<span style=\"font-size: 13px; color: #939393;\">Rzeczoznawcy Samochodowi MOTOEXPERT w Austrii np. w Wiede\u0144,Graz ,Linz ,Salzburg ,Innsbruck ,Tyrol ,Klagenfurt am W\u00f6rthersee ,Villach ,Wels ,Sankt P\u00f6lten oferuj\u0105 precyzyjne wyceny szkod i likwidacji szk\u00f3d.<\/span>Czytaj DalejNasze Us\u0142ugi<span style=\"font-size: 13px; color: #939393;\">Je\u017celi jeste\u015b poszkodowany w wyniku wypadku samochodowego w Austrii, potrzebujesz zawsze opinii technicznej (Gutachten) rzeczoznawcy i na jej podstawie otrzymasz odszkodowanie?, Rzeczoznawca Samochodowy w Austrii np. w Wiede\u0144,Graz ,Linz ,Salzburg ,Innsbruck ,Tyrol ,Klagenfurt am W\u00f6rthersee ,Villach ,Wels ,Sankt P\u00f6lten : <\/span>Wszystkie Us\u0142ugi<\/p>\n","protected":false},"excerpt":{"rendered":"<p>Wypadek samochodowy w Austrii <\/p>\n","protected":false},"author":1,"featured_media":0,"parent":0,"menu_order":0,"comment_status":"closed","ping_status":"closed","template":"","meta":{"_et_pb_use_builder":"off","_et_pb_old_content":"","_et_gb_content_width":"","pgc_sgb_lightbox_settings":"","footnotes":""},"class_list":["post-776","page","type-page","status-publish","hentry"],"_links":{"self":[{"href":"https:\/\/wypadeksamochodowywaustrii.pl\/index.php\/wp-json\/wp\/v2\/pages\/776","targetHints":{"allow":["GET"]}}],"collection":[{"href":"https:\/\/wypadeksamochodowywaustrii.pl\/index.php\/wp-json\/wp\/v2\/pages"}],"about":[{"href":"https:\/\/wypadeksamochodowywaustrii.pl\/index.php\/wp-json\/wp\/v2\/types\/page"}],"author":[{"embeddable":true,"href":"https:\/\/wypadeksamochodowywaustrii.pl\/index.php\/wp-json\/wp\/v2\/users\/1"}],"replies":[{"embeddable":true,"href":"https:\/\/wypadeksamochodowywaustrii.pl\/index.php\/wp-json\/wp\/v2\/comments?post=776"}],"version-history":[{"count":0,"href":"https:\/\/wypadeksamochodowywaustrii.pl\/index.php\/wp-json\/wp\/v2\/pages\/776\/revisions"}],"wp:attachment":[{"href":"https:\/\/wypadeksamochodowywaustrii.pl\/index.php\/wp-json\/wp\/v2\/media?parent=776"}],"curies":[{"name":"wp","href":"https:\/\/api.w.org\/{rel}","templated":true}]}}