{"id":328,"date":"2020-02-08T04:19:59","date_gmt":"2020-02-08T04:19:59","guid":{"rendered":"http:\/\/wypadeksamochodowywaustrii.pl\/?page_id=328"},"modified":"2020-02-08T04:19:59","modified_gmt":"2020-02-08T04:19:59","slug":"likwidacja-szkody-po-wypadku-w-austrii","status":"publish","type":"page","link":"https:\/\/wypadeksamochodowywaustrii.pl\/index.php\/likwidacja-szkody-po-wypadku-w-austrii\/","title":{"rendered":"Likwidacja szk\u00f3d powypadkowych na terenie Austrii"},"content":{"rendered":"<h1 align=\"center\"><b>Wypadek drogowy w Austrii Rzeczoznawca Samochodowy w Austrii np. w Wiede\u0144,Graz ,Linz ,Salzburg ,Innsbruck ,Tyrol ,Klagenfurt am W\u00f6rthersee ,Villach ,Wels ,Sankt P\u00f6lten\u00a0<\/b><\/h1>\n<p align=\"center\"><strong>Jakie prawa ma poszkodowany podczas likwidacji szkody komunikacyjnej powsta\u0142ej w Austrii?<\/strong><\/p>\n<p align=\"center\"><img loading=\"lazy\" decoding=\"async\" class=\"size-full wp-image-594 aligncenter\" src=\"https:\/\/wypadeksamochodowywaustrii.pl\/wp-content\/uploads\/2020\/10\/rzeczoznawca-wy-gttingen-northeim-8-1.jpg\" alt=\"\" width=\"329\" height=\"153\" \/>Osoba poszkodowana w wypadku drogowym w w Austrii np. w Wiede\u0144,Graz ,Linz ,Salzburg ,Innsbruck ,Tyrol ,Klagenfurt am W\u00f6rthersee ,Villach ,Wels ,Sankt P\u00f6lten ma prawo do likwidacji szkody samochodowej na dwa sposoby. Mo\u017ce likwidowa\u0107 szkod\u0119\u00a0 z polisy OC sprawcy zdarzenia, do kt\u00f3rego najlepiej jest wyst\u0105pi\u0107 bezpo\u015brednio na terenie Austrii , lub mo\u017ce zg\u0142osi\u0107 szkod\u0119 drogowa do swojego ubezpieczyciela. Drugie dzia\u0142anie nie zamyka jednak drogi do roszcz\u0119 z polisy OC sprawcy wypadku lub kolizji.<\/p>\n<p align=\"center\">Gdy Likwidujemy szkod\u0119 z OC sprawcy zdarzenia zakres odpowiedzialno\u015bci i \u015bwiadcze\u0144 na rzecz poszkodowanego okre\u015blaj\u0105 odpowiednie przepisy prawne. Zwykle likwidacja szkody jest korzystniejsza dla poszkodowanego<\/p>\n<p align=\"center\"><strong>Likwidacja szk\u00f3d samochodowych za granic\u0105 z polisy OC sprawcy zdarzenia<\/strong><\/p>\n<p align=\"center\">Likwidacja szkody samochodowej na terenie Austri z OC sprawcy wypadku lub kolizji sprawia, \u017ce przewa\u017cnie odszkodowanie obejmuje,odszkodwanie za\u00a0 zniszczone w wypadku mienie, koszty naprawy samochodu oraz , w uzasadnionych przypadkach, inne koszty zwi\u0105zane z wypadkiem (np. koszty rzeczoznawcy czy te\u017c koszt wynaj\u0119cia pojazdu zast\u0119pczego). Gdy likwidacja szkody odbywa sie na terenie Austrii\u00a0 z OC sprawcy zdarzenia to przewa\u017cnie mamy prawo do pokrycia np. koszt\u00f3w holowania pojazdu czy koszt\u00f3w parkingu, r\u00f3wnie\u017c uwzgl\u0119dnienia w odszkodowaniu utraty warto\u015bci rynkowej pojazdu po naprawie.<\/p>\n<p align=\"center\">\u00a0W likwidowaniu szk\u00f3d drogowych na terenie Austrii\u00a0 pomocni s\u0105 adwokaci i niezale\u017cni rzeczoznawcy samochodowi np. z MOTOEXPERT, dzi\u0119ki kt\u00f3rym mo\u017cliwe jest otrzymanie pelnego odszkodowania, jakie zostanie wyp\u0142acone przez ubezpieczyciela sprawcy wypadku samochodowego w Austrii.<\/p>\n<p style=\"text-align: center;\"><strong>SKORZYSTAJ Z BEZP\u0141ATNEJ I PROFESJONALNEJ POMOCY Dla Poszkodowanych w wyniku wypadku samochodowego w Austrii!<\/strong><\/p>\n<p style=\"text-align: center;\"><strong>SKONTAKTUJ SI\u0118 Z NAMI!<\/strong><\/p>\n<p style=\"text-align: center;\"><strong><span class=\"header-toolbar-contact\"><a href=\"tel:+491603388333\"><img loading=\"lazy\" decoding=\"async\" class=\"wp-image-588 aligncenter\" src=\"https:\/\/wypadeksamochodowywaustrii.pl\/wp-content\/uploads\/2020\/10\/rzeczoznawca-samochodowy-z-regionu-freiburg-villingen-revensburg-5.png\" alt=\"\" width=\"319\" height=\"166\" \/>+43 660 6433533 \/ +49 160 3388333 <\/a> \/ <a href=\"tel:+48600920920\">+48 600 920 920<\/a>\u00a0<\/span><\/strong><\/p>\n<p>Rzeczoznawca Samochodowy w Austrii np. w Wiede\u0144,Graz ,Linz ,Salzburg ,Innsbruck ,Tyrol ,Klagenfurt am W\u00f6rthersee ,Villach ,Wels ,Sankt P\u00f6lten\t\t<\/p>\n","protected":false},"excerpt":{"rendered":"<p>Wypadek drogowy w Austrii Rzeczoznawca Samochodowy w Austrii np. w Wiede\u0144,Graz ,Linz ,Salzburg ,Innsbruck ,Tyrol ,Klagenfurt am W\u00f6rthersee ,Villach ,Wels ,Sankt P\u00f6lten\u00a0 Jakie prawa ma poszkodowany podczas likwidacji szkody komunikacyjnej powsta\u0142ej w Austrii? Osoba poszkodowana w wypadku drogowym w w Austrii np. w Wiede\u0144,Graz ,Linz ,Salzburg ,Innsbruck ,Tyrol ,Klagenfurt am W\u00f6rthersee ,Villach ,Wels ,Sankt P\u00f6lten [&hellip;]<\/p>\n","protected":false},"author":1,"featured_media":0,"parent":0,"menu_order":0,"comment_status":"closed","ping_status":"closed","template":"","meta":{"_et_pb_use_builder":"","_et_pb_old_content":"","_et_gb_content_width":"","pgc_sgb_lightbox_settings":"","footnotes":""},"class_list":["post-328","page","type-page","status-publish","hentry"],"_links":{"self":[{"href":"https:\/\/wypadeksamochodowywaustrii.pl\/index.php\/wp-json\/wp\/v2\/pages\/328","targetHints":{"allow":["GET"]}}],"collection":[{"href":"https:\/\/wypadeksamochodowywaustrii.pl\/index.php\/wp-json\/wp\/v2\/pages"}],"about":[{"href":"https:\/\/wypadeksamochodowywaustrii.pl\/index.php\/wp-json\/wp\/v2\/types\/page"}],"author":[{"embeddable":true,"href":"https:\/\/wypadeksamochodowywaustrii.pl\/index.php\/wp-json\/wp\/v2\/users\/1"}],"replies":[{"embeddable":true,"href":"https:\/\/wypadeksamochodowywaustrii.pl\/index.php\/wp-json\/wp\/v2\/comments?post=328"}],"version-history":[{"count":0,"href":"https:\/\/wypadeksamochodowywaustrii.pl\/index.php\/wp-json\/wp\/v2\/pages\/328\/revisions"}],"wp:attachment":[{"href":"https:\/\/wypadeksamochodowywaustrii.pl\/index.php\/wp-json\/wp\/v2\/media?parent=328"}],"curies":[{"name":"wp","href":"https:\/\/api.w.org\/{rel}","templated":true}]}}