{"id":2,"date":"2022-02-21T13:27:21","date_gmt":"2022-02-21T12:27:21","guid":{"rendered":"https:\/\/wypadeksamochodowywaustrii.pl\/?page_id=2"},"modified":"2024-10-17T10:54:28","modified_gmt":"2024-10-17T08:54:28","slug":"strona-glowna","status":"publish","type":"page","link":"https:\/\/wypadeksamochodowywaustrii.pl\/","title":{"rendered":"Strona g\u0142\u00f3wna"},"content":{"rendered":"<p><\/p>\n<h1>WYCENY SZKOD POWYPADKOWE W AUSTRI i w EURO\u00a0<\/h1>\n<p><\/p>\n<h4>Ocena techniczna\u00a0 samochodu po kolizji w Austrii ! Jak otrzymac odszkodowanie ?<\/h4>\n<p><\/p>\n<p style=\"text-align: justify;\">Austryjackie Towarzystwa ubezpieczen nie akceptuja nasze precyzyjne opini\u0119 powypadkowe przy szkodzie OC\u00a0 w Austrii wykonane przez doswidczonych rzeczoznawcow z stowarzyszenia i sieci MOTOEXPERT. UIbezpieczyciele\u00a0 wiedz\u0105, \u017ce zostanie ona wykonana w pe\u0142ni fachowo i b\u0119dzie zawiera\u0107 tylko zgodne ze stanem faktycznym informacje na prawie Austryjackim.<\/p>\n<p><\/p>\n<h3 style=\"text-align: center;\">Kolizja drogowa i wypadek samochodowy w Austrii<\/h3>\n<p><\/p>\n<h4>RZECZOZNAWCA SAMOCHODOWY W AUSTRII<br \/>\n<\/h4>\n<p><\/p>\n<p class=\"Standard\"><b><span lang=\"DE\">Uslugi rzeczoznawcze na terenie Austrii np. w Wiede\u0144, Graz ,Linz ,Salzburg ,Innsbruck ,Tyrol ,Klagenfurt am W\u00f6rthersee ,Villach ,Wels ,Sankt P\u00f6lten<br \/><\/span><\/b><\/p>\n<p class=\"Standard\"><span lang=\"DE\">Rzeczoznawcy samochodowi dzia\u0142aj\u0105cy w<span>\u00a0<\/span><b>Austrii np. w Wiede\u0144, Graz ,Linz ,Salzburg ,Innsbruck ,Tyrol ,Klagenfurt am W\u00f6rthersee ,Villach ,Wels ,Sankt P\u00f6lten<span>\u00a0<\/span><\/b>to jedni z kilkudziesi\u0119ciu, niezale\u017cnych ekspert\u00f3w motoryzacyjnych, kt\u00f3rych zrzesza siec rzeczoznawc\u00f3w techniki samochodowej MOTOEXPERT. Siec MOTOEXPERT to niemiecka firma, kt\u00f3ra wsp\u00f3\u0142pracuje z rzeczoznawcami z ca\u0142ej Austrii np. w Wiede\u0144,Graz ,Linz ,Salzburg ,Innsbruck ,Tyrol ,Klagenfurt am W\u00f6rthersee ,Villach ,Wels ,Sankt P\u00f6lten<br \/><\/span><\/p>\n<p><img loading=\"lazy\" decoding=\"async\" src=\"https:\/\/wypadeksamochodowywaustrii.pl\/wp-content\/uploads\/2022\/02\/kontakt1-1-1.png\" width=\"230\" height=\"365\" alt=\"\" class=\"wp-image-59 alignright size-full\" srcset=\"https:\/\/wypadeksamochodowywaustrii.pl\/wp-content\/uploads\/2022\/02\/kontakt1-1-1.png 230w, https:\/\/wypadeksamochodowywaustrii.pl\/wp-content\/uploads\/2022\/02\/kontakt1-1-1-189x300.png 189w\" sizes=\"(max-width: 230px) 100vw, 230px\" \/><\/p>\n<h3><strong>RZECZOZNAWCY SAMOCHODOWI\u00a0 W AUSTRII NP. W WIEDE\u0143, GRAZ, LINZ, SALZBURG, INNSBRUCK, TYROL,\u00a0 KLAGENFURT AM W\u00d6RTHERSEE, VILLACH, WELS, SANKT P\u00d6LTEN OFERUJ\u0104 MI\u0118DZY INNYMI :<\/strong><\/h3>\n<p><strong><\/strong><\/p>\n<p>\u2013 opiniowanie szk\u00f3d powypadkowych|<\/p>\n<p>\u2013 sporz\u0105dzanie niezale\u017cnych ocen i opinii technicznych<br \/>\u2013 wycen\u0119 warto\u015bci pojazd\u00f3w (osobowe, ci\u0119\u017carowe, autobusy, busy, przyczepy, itp.)<br \/>\u2013 kalkulacje szk\u00f3d po wypadkach i kolizjach drogowych<br \/>\u2013 kalkulacje koszt\u00f3w naprawy\u00a0<br \/>&#8211; uszkodzonych samochod\u00f3w<br \/>\u2013 weryfikacje ju\u017c wykonanych opinii technicznych i kosztorys\u00f3w napraw<br \/>\u2013 ocen\u0119 stanu technicznego pojazd\u00f3w (np. przed zakupem auta)<br \/>\u2013 pomoc techniczno-prawn\u0105<\/p>\n<div class=\" vc_custom_1520242047586\">\n<div id=\"text-block-10\" class=\"mk-text-block   \">\n<p>\u2013 inne (na \u017cyczenie Klienta)<\/p>\n<div class=\"clearboth\"><\/div>\n<\/div>\n<\/div>\n<p><\/p>\n<p>RZECZOZNAWCA SAMOCHODOWY w AUSTRII<\/p>\n<p><\/p>\n<h4>DLACZEGO WARTO NAM ZAUFA\u0106?<\/h4>\n<p><\/p>\n<p style=\"text-align: center;\"><strong>WYPADEK SAMOCHODOWY W AUSTRII \u2013<br \/>WYCENY SZKOD PO WYPADKU SAMOCHODOWYM I KOLIZJI W AUSTRII<br \/>+ LIKWIDACJA SZKOD W AUSTRII<\/strong><\/p>\n<p><\/p>\n","protected":false},"excerpt":{"rendered":"<p>WYCENY SZKOD POWYPADKOWE W AUSTRI i w EURO\u00a0Ocena techniczna\u00a0 samochodu po kolizji w Austrii ! Jak otrzymac odszkodowanie ?Austryjackie Towarzystwa ubezpieczen nie akceptuja nasze precyzyjne opini\u0119 powypadkowe przy szkodzie OC\u00a0 w Austrii wykonane przez doswidczonych rzeczoznawcow z stowarzyszenia i sieci MOTOEXPERT. UIbezpieczyciele\u00a0 wiedz\u0105, \u017ce zostanie ona wykonana w pe\u0142ni fachowo i b\u0119dzie zawiera\u0107 tylko zgodne [&hellip;]<\/p>\n","protected":false},"author":1,"featured_media":0,"parent":0,"menu_order":0,"comment_status":"closed","ping_status":"closed","template":"","meta":{"_et_pb_use_builder":"on","_et_pb_old_content":"<!-- wp:paragraph -->\n<p>Przyk\u0142adowa strona. Strony s\u0105 inne ni\u017c wpisy na blogu, poniewa\u017c nie tylko znajduj\u0105 si\u0119 zawsze w jednym miejscu, ale tak\u017ce pojawiaj\u0105 si\u0119 w menu witryny (w wi\u0119kszo\u015bci motyw\u00f3w). Wi\u0119kszo\u015b\u0107 u\u017cytkownik\u00f3w zaczyna od strony z informacjami o sobie, kt\u00f3ra zapozna ich przed odwiedzaj\u0105cymi witryn\u0119. Taka strona mo\u017ce zawiera\u0107 na przyk\u0142ad tak\u0105 tre\u015b\u0107:<\/p>\n<!-- \/wp:paragraph -->\n\n<!-- wp:quote -->\n<blockquote class=\"wp-block-quote\"><p>Cze\u015b\u0107! Za dnia jestem kurierem rowerowym, noc\u0105 pr\u00f3buj\u0119 swoich si\u0142 w aktorstwie, a to jest moja witryna. Mieszkam w Krakowie, mam wspania\u0142ego psa kt\u00f3ry wabi si\u0119 Reks i lubi\u0119 pi\u00f1a colad\u0119 (oraz spacery, gdy pada deszcz).<\/p><\/blockquote>\n<!-- \/wp:quote -->\n\n<!-- wp:paragraph -->\n<p>...albo co\u015b takiego:<\/p>\n<!-- \/wp:paragraph -->\n\n<!-- wp:quote -->\n<blockquote class=\"wp-block-quote\"><p>Firma XYZ Doohickey zosta\u0142a za\u0142o\u017cona w 1971 roku i od tamtej pory dostarcza spo\u0142ecze\u0144stwu dobrej jako\u015bci gad\u017cety. Znajduj\u0105ca si\u0119 w Gotham City XYZ zatrudnia ponad 2000 os\u00f3b i robi niesamowite rzeczy dla spo\u0142eczno\u015bci Gotham.<\/p><\/blockquote>\n<!-- \/wp:quote -->\n\n<!-- wp:paragraph -->\n<p>Jako nowy u\u017cytkownik WordPressa, powiniene\u015b przej\u015b\u0107 do <a href=\"https:\/\/wypadeksamochodowywaustrii.pl\/wp-admin\/\">swojego kokpitu<\/a> aby usun\u0105\u0107 t\u0119 stron\u0119 i stworzy\u0107 nowe z w\u0142asn\u0105 tre\u015bci\u0105. Dobrej zabawy!<\/p>\n<!-- \/wp:paragraph -->","_et_gb_content_width":"","pgc_sgb_lightbox_settings":"","footnotes":""},"class_list":["post-2","page","type-page","status-publish","hentry"],"_links":{"self":[{"href":"https:\/\/wypadeksamochodowywaustrii.pl\/index.php\/wp-json\/wp\/v2\/pages\/2","targetHints":{"allow":["GET"]}}],"collection":[{"href":"https:\/\/wypadeksamochodowywaustrii.pl\/index.php\/wp-json\/wp\/v2\/pages"}],"about":[{"href":"https:\/\/wypadeksamochodowywaustrii.pl\/index.php\/wp-json\/wp\/v2\/types\/page"}],"author":[{"embeddable":true,"href":"https:\/\/wypadeksamochodowywaustrii.pl\/index.php\/wp-json\/wp\/v2\/users\/1"}],"replies":[{"embeddable":true,"href":"https:\/\/wypadeksamochodowywaustrii.pl\/index.php\/wp-json\/wp\/v2\/comments?post=2"}],"version-history":[{"count":0,"href":"https:\/\/wypadeksamochodowywaustrii.pl\/index.php\/wp-json\/wp\/v2\/pages\/2\/revisions"}],"wp:attachment":[{"href":"https:\/\/wypadeksamochodowywaustrii.pl\/index.php\/wp-json\/wp\/v2\/media?parent=2"}],"curies":[{"name":"wp","href":"https:\/\/api.w.org\/{rel}","templated":true}]}}